{"id":386,"date":"2022-03-31T07:13:41","date_gmt":"2022-03-31T07:13:41","guid":{"rendered":"https:\/\/www.mrmedia.cz\/?page_id=386"},"modified":"2025-02-28T10:51:11","modified_gmt":"2025-02-28T10:51:11","slug":"produkty-a-sluzby","status":"publish","type":"page","link":"https:\/\/www.mrmedia.cz\/","title":{"rendered":"Produkty a Slu\u017eby"},"content":{"rendered":"\t\t<div data-elementor-type=\"wp-page\" data-elementor-id=\"386\" class=\"elementor elementor-386\">\n\t\t\t\t\t\t\t\t\t<section class=\"elementor-section elementor-top-section elementor-element elementor-element-3f9a86c elementor-section-boxed elementor-section-height-default elementor-section-height-default\" data-id=\"3f9a86c\" data-element_type=\"section\">\n\t\t\t\t\t\t<div class=\"elementor-container elementor-column-gap-default\">\n\t\t\t\t\t<div class=\"elementor-column elementor-col-100 elementor-top-column elementor-element elementor-element-799b12d\" data-id=\"799b12d\" data-element_type=\"column\">\n\t\t\t<div class=\"elementor-widget-wrap elementor-element-populated\">\n\t\t\t\t\t\t\t\t<div class=\"elementor-element elementor-element-f7a21fb elementor-widget elementor-widget-text-editor\" data-id=\"f7a21fb\" data-element_type=\"widget\" data-widget_type=\"text-editor.default\">\n\t\t\t\t<div class=\"elementor-widget-container\">\n\t\t\t<style>\/*! elementor - v3.6.1 - 23-03-2022 *\/\n.elementor-widget-text-editor.elementor-drop-cap-view-stacked .elementor-drop-cap{background-color:#818a91;color:#fff}.elementor-widget-text-editor.elementor-drop-cap-view-framed .elementor-drop-cap{color:#818a91;border:3px solid;background-color:transparent}.elementor-widget-text-editor:not(.elementor-drop-cap-view-default) .elementor-drop-cap{margin-top:8px}.elementor-widget-text-editor:not(.elementor-drop-cap-view-default) .elementor-drop-cap-letter{width:1em;height:1em}.elementor-widget-text-editor .elementor-drop-cap{float:left;text-align:center;line-height:1;font-size:50px}.elementor-widget-text-editor .elementor-drop-cap-letter{display:inline-block}<\/style>\t\t\t\t<h4 class=\"elementor-heading-title elementor-size-default\">Jsme rodinn\u00e1 firma. Na\u0161im prvo\u0159ad\u00fdm c\u00edlem je budov\u00e1n\u00ed dlouhotrvaj\u00edc\u00edch vztah\u016f s na\u0161imi z\u00e1kazn\u00edky na z\u00e1klad\u011b d\u016fv\u011bry, odbornosti a poctivosti a b\u00fdt V\u00e1\u0161 profesion\u00e1ln\u00ed a spolehliv\u00fd partner.\u00a0<\/h4><h4 class=\"elementor-heading-title elementor-size-default\">Ve spolupr\u00e1ci s na\u0161imi partnery V\u00e1m n\u00e1\u0161 t\u00fdm poskytne inovativn\u00ed \u0159e\u0161en\u00ed pro jednotliv\u00e9ho klienta, jeho\u017e \u00fakolem je dosa\u017een\u00ed spokojen\u00fdch z\u00e1kazn\u00edk\u016f, kte\u0159\u00ed tak nikdy nez\u00edskaj\u00ed dojem, \u017ee jsou sami.<\/h4><p>\u00a0<\/p><p>PARTNE\u0158I MR MEDIA s. r. o.<\/p>\t\t\t\t\t\t<\/div>\n\t\t\t\t<\/div>\n\t\t\t\t\t<\/div>\n\t\t<\/div>\n\t\t\t\t\t\t\t<\/div>\n\t\t<\/section>\n\t\t\t\t<section class=\"elementor-section elementor-top-section elementor-element elementor-element-1657a5b elementor-section-boxed elementor-section-height-default elementor-section-height-default\" data-id=\"1657a5b\" data-element_type=\"section\">\n\t\t\t\t\t\t<div class=\"elementor-container elementor-column-gap-default\">\n\t\t\t\t\t<div class=\"elementor-column elementor-col-33 elementor-top-column elementor-element elementor-element-8d417f3\" data-id=\"8d417f3\" data-element_type=\"column\">\n\t\t\t<div class=\"elementor-widget-wrap elementor-element-populated\">\n\t\t\t\t\t\t\t\t<div class=\"elementor-element elementor-element-17b5893 elementor-widget elementor-widget-image\" data-id=\"17b5893\" data-element_type=\"widget\" data-widget_type=\"image.default\">\n\t\t\t\t<div class=\"elementor-widget-container\">\n\t\t\t<style>\/*! elementor - v3.6.1 - 23-03-2022 *\/\n.elementor-widget-image{text-align:center}.elementor-widget-image a{display:inline-block}.elementor-widget-image a img[src$=\".svg\"]{width:48px}.elementor-widget-image img{vertical-align:middle;display:inline-block}<\/style>\t\t\t\t\t\t\t\t\t\t\t\t<img width=\"300\" height=\"217\" src=\"https:\/\/www.mrmedia.cz\/wp-content\/uploads\/2022\/03\/eltex-logo-2-1-300x217.png\" class=\"attachment-medium size-medium\" alt=\"\" loading=\"lazy\" srcset=\"https:\/\/www.mrmedia.cz\/wp-content\/uploads\/2022\/03\/eltex-logo-2-1-300x217.png 300w, https:\/\/www.mrmedia.cz\/wp-content\/uploads\/2022\/03\/eltex-logo-2-1.png 339w\" sizes=\"(max-width: 300px) 100vw, 300px\" \/>\t\t\t\t\t\t\t\t\t\t\t\t\t\t\t<\/div>\n\t\t\t\t<\/div>\n\t\t\t\t\t<\/div>\n\t\t<\/div>\n\t\t\t\t<div class=\"elementor-column elementor-col-33 elementor-top-column elementor-element elementor-element-9d6dd70\" data-id=\"9d6dd70\" data-element_type=\"column\">\n\t\t\t<div class=\"elementor-widget-wrap elementor-element-populated\">\n\t\t\t\t\t\t\t\t<div class=\"elementor-element elementor-element-74350b5 elementor-widget elementor-widget-image\" data-id=\"74350b5\" data-element_type=\"widget\" data-widget_type=\"image.default\">\n\t\t\t\t<div class=\"elementor-widget-container\">\n\t\t\t\t\t\t\t\t\t\t\t\t\t\t\t<img width=\"415\" height=\"101\" src=\"https:\/\/www.mrmedia.cz\/wp-content\/uploads\/2022\/03\/Merlin-logo-2.svg\" class=\"attachment-large size-large\" alt=\"\" loading=\"lazy\" \/>\t\t\t\t\t\t\t\t\t\t\t\t\t\t\t<\/div>\n\t\t\t\t<\/div>\n\t\t\t\t\t<\/div>\n\t\t<\/div>\n\t\t\t\t<div class=\"elementor-column elementor-col-33 elementor-top-column elementor-element elementor-element-b1d2837\" data-id=\"b1d2837\" data-element_type=\"column\">\n\t\t\t<div class=\"elementor-widget-wrap elementor-element-populated\">\n\t\t\t\t\t\t\t\t<div class=\"elementor-element elementor-element-7ca150c elementor-widget elementor-widget-image\" data-id=\"7ca150c\" data-element_type=\"widget\" data-widget_type=\"image.default\">\n\t\t\t\t<div class=\"elementor-widget-container\">\n\t\t\t\t\t\t\t\t\t\t\t\t\t\t\t<img width=\"337\" height=\"100\" src=\"https:\/\/www.mrmedia.cz\/wp-content\/uploads\/2022\/03\/Kallfass-logo-4.png\" class=\"attachment-1536x1536 size-1536x1536\" alt=\"\" loading=\"lazy\" srcset=\"https:\/\/www.mrmedia.cz\/wp-content\/uploads\/2022\/03\/Kallfass-logo-4.png 337w, https:\/\/www.mrmedia.cz\/wp-content\/uploads\/2022\/03\/Kallfass-logo-4-300x89.png 300w\" sizes=\"(max-width: 337px) 100vw, 337px\" \/>\t\t\t\t\t\t\t\t\t\t\t\t\t\t\t<\/div>\n\t\t\t\t<\/div>\n\t\t\t\t\t<\/div>\n\t\t<\/div>\n\t\t\t\t\t\t\t<\/div>\n\t\t<\/section>\n\t\t\t\t<section class=\"elementor-section elementor-top-section elementor-element elementor-element-e32fe44 elementor-section-boxed elementor-section-height-default elementor-section-height-default\" data-id=\"e32fe44\" data-element_type=\"section\">\n\t\t\t\t\t\t<div class=\"elementor-container elementor-column-gap-default\">\n\t\t\t\t\t<div class=\"elementor-column elementor-col-33 elementor-top-column elementor-element elementor-element-30b14d3\" data-id=\"30b14d3\" data-element_type=\"column\">\n\t\t\t<div class=\"elementor-widget-wrap elementor-element-populated\">\n\t\t\t\t\t\t\t\t<div class=\"elementor-element elementor-element-deb2864 elementor-widget elementor-widget-text-editor\" data-id=\"deb2864\" data-element_type=\"widget\" data-widget_type=\"text-editor.default\">\n\t\t\t\t<div class=\"elementor-widget-container\">\n\t\t\t\t\t\t\t<p><strong>ELEKTROSTATIKA V PR\u016eMYSLU<\/strong><\/p>\n<p><strong>Nap\u0159\u00edklad bezpe\u010dnost pomoc\u00ed zemn\u011bn\u00ed v chemick\u00e9m pr\u016fmyslu a farmacii nebo optimalizace v\u00fdrobn\u00edch proces\u016f v automobilov\u00e9m, plast\u00e1\u0159sk\u00e9m,&nbsp; obalov\u00e9m a ostatn\u00edch odv\u011btv\u00edch pr\u016fmyslu.<br><\/strong><\/p>\n<p><strong>\u2013 \u0158e\u0161en\u00ed p\u0159i elektrostatick\u00e9m vyb\u00edjen\u00ed, \u010di\u0161t\u011bn\u00ed, povrchov\u00fdch \u00faprav\u00e1ch a nab\u00edjen\u00ed nebo zemn\u011bn\u00ed <\/strong><\/p>\t\t\t\t\t\t<\/div>\n\t\t\t\t<\/div>\n\t\t\t\t\t<\/div>\n\t\t<\/div>\n\t\t\t\t<div class=\"elementor-column elementor-col-33 elementor-top-column elementor-element elementor-element-c6fe222\" data-id=\"c6fe222\" data-element_type=\"column\">\n\t\t\t<div class=\"elementor-widget-wrap elementor-element-populated\">\n\t\t\t\t\t\t\t\t<div class=\"elementor-element elementor-element-628b39c elementor-widget elementor-widget-text-editor\" data-id=\"628b39c\" data-element_type=\"widget\" data-widget_type=\"text-editor.default\">\n\t\t\t\t<div class=\"elementor-widget-container\">\n\t\t\t\t\t\t\t<p><b>NEJLEP\u0160\u00cd KLIMA PRO LIDI, MATERI\u00c1L A \u017dIVOTN\u00cd PROST\u0158ED\u00cd<\/b><\/p><ul><li>SN\u00cd\u017dEN\u00cd PRA\u0160NOSTI<\/li><li>SN\u00cd\u017dEN\u00cd ELEKTROSTATICK\u00c9HO N\u00c1BOJE<\/li><li>SN\u00cd\u017dEN\u00cd TEPLOTY<\/li><li>SN\u00cd\u017dEN\u00cd Z\u00c1PACHU<\/li><\/ul>\t\t\t\t\t\t<\/div>\n\t\t\t\t<\/div>\n\t\t\t\t\t<\/div>\n\t\t<\/div>\n\t\t\t\t<div class=\"elementor-column elementor-col-33 elementor-top-column elementor-element elementor-element-7ade07b\" data-id=\"7ade07b\" data-element_type=\"column\">\n\t\t\t<div class=\"elementor-widget-wrap elementor-element-populated\">\n\t\t\t\t\t\t\t\t<div class=\"elementor-element elementor-element-5a813ce elementor-widget elementor-widget-text-editor\" data-id=\"5a813ce\" data-element_type=\"widget\" data-widget_type=\"text-editor.default\">\n\t\t\t\t<div class=\"elementor-widget-container\">\n\t\t\t\t\t\t\t<p>BALEN\u00cd DO SMR\u0160TITELN\u00c9 FOLIE<\/p><p>Linky pro ru\u010dn\u00ed, poloautomatick\u00e9 a pln\u011b automatick\u00e9 balen\u00ed do smr\u0161titeln\u00e9 folie nebo do pap\u00edru.<\/p><p>\u00a0<\/p>\t\t\t\t\t\t<\/div>\n\t\t\t\t<\/div>\n\t\t\t\t<div class=\"elementor-element elementor-element-333e914 elementor-widget elementor-widget-image\" data-id=\"333e914\" data-element_type=\"widget\" data-widget_type=\"image.default\">\n\t\t\t\t<div class=\"elementor-widget-container\">\n\t\t\t\t\t\t\t\t\t\t\t\t\t\t\t<img width=\"1071\" height=\"219\" src=\"https:\/\/www.mrmedia.cz\/wp-content\/uploads\/2024\/02\/Obrazek-KALLFASS-3.png\" class=\"attachment-1536x1536 size-1536x1536\" alt=\"\" loading=\"lazy\" srcset=\"https:\/\/www.mrmedia.cz\/wp-content\/uploads\/2024\/02\/Obrazek-KALLFASS-3.png 1071w, https:\/\/www.mrmedia.cz\/wp-content\/uploads\/2024\/02\/Obrazek-KALLFASS-3-300x61.png 300w, https:\/\/www.mrmedia.cz\/wp-content\/uploads\/2024\/02\/Obrazek-KALLFASS-3-1024x209.png 1024w, https:\/\/www.mrmedia.cz\/wp-content\/uploads\/2024\/02\/Obrazek-KALLFASS-3-768x157.png 768w\" sizes=\"(max-width: 1071px) 100vw, 1071px\" \/>\t\t\t\t\t\t\t\t\t\t\t\t\t\t\t<\/div>\n\t\t\t\t<\/div>\n\t\t\t\t\t<\/div>\n\t\t<\/div>\n\t\t\t\t\t\t\t<\/div>\n\t\t<\/section>\n\t\t\t\t<section class=\"elementor-section elementor-top-section elementor-element elementor-element-9d3731c elementor-section-boxed elementor-section-height-default elementor-section-height-default\" data-id=\"9d3731c\" data-element_type=\"section\">\n\t\t\t\t\t\t<div class=\"elementor-container elementor-column-gap-default\">\n\t\t\t\t\t<div class=\"elementor-column elementor-col-100 elementor-top-column elementor-element elementor-element-bf52078\" data-id=\"bf52078\" data-element_type=\"column\">\n\t\t\t<div class=\"elementor-widget-wrap elementor-element-populated\">\n\t\t\t\t\t\t\t\t<div class=\"elementor-element elementor-element-0902b97 elementor-widget elementor-widget-image\" data-id=\"0902b97\" data-element_type=\"widget\" data-widget_type=\"image.default\">\n\t\t\t\t<div class=\"elementor-widget-container\">\n\t\t\t\t\t\t\t\t\t\t\t\t\t\t\t<img width=\"1958\" height=\"492\" src=\"https:\/\/www.mrmedia.cz\/wp-content\/uploads\/2025\/02\/1-2025-nove-MR-MEDIA-bez-INLOGU.jpg\" class=\"attachment-2048x2048 size-2048x2048\" alt=\"\" loading=\"lazy\" srcset=\"https:\/\/www.mrmedia.cz\/wp-content\/uploads\/2025\/02\/1-2025-nove-MR-MEDIA-bez-INLOGU.jpg 1958w, https:\/\/www.mrmedia.cz\/wp-content\/uploads\/2025\/02\/1-2025-nove-MR-MEDIA-bez-INLOGU-300x75.jpg 300w, https:\/\/www.mrmedia.cz\/wp-content\/uploads\/2025\/02\/1-2025-nove-MR-MEDIA-bez-INLOGU-1024x257.jpg 1024w, https:\/\/www.mrmedia.cz\/wp-content\/uploads\/2025\/02\/1-2025-nove-MR-MEDIA-bez-INLOGU-768x193.jpg 768w, https:\/\/www.mrmedia.cz\/wp-content\/uploads\/2025\/02\/1-2025-nove-MR-MEDIA-bez-INLOGU-1536x386.jpg 1536w\" sizes=\"(max-width: 1958px) 100vw, 1958px\" \/>\t\t\t\t\t\t\t\t\t\t\t\t\t\t\t<\/div>\n\t\t\t\t<\/div>\n\t\t\t\t\t<\/div>\n\t\t<\/div>\n\t\t\t\t\t\t\t<\/div>\n\t\t<\/section>\n\t\t\t\t<section class=\"elementor-section elementor-top-section elementor-element elementor-element-c76dda4 elementor-section-boxed elementor-section-height-default elementor-section-height-default\" data-id=\"c76dda4\" data-element_type=\"section\">\n\t\t\t\t\t\t<div class=\"elementor-container elementor-column-gap-default\">\n\t\t\t\t\t<div class=\"elementor-column elementor-col-100 elementor-top-column elementor-element elementor-element-d774e56\" data-id=\"d774e56\" data-element_type=\"column\">\n\t\t\t<div class=\"elementor-widget-wrap\">\n\t\t\t\t\t\t\t\t\t<\/div>\n\t\t<\/div>\n\t\t\t\t\t\t\t<\/div>\n\t\t<\/section>\n\t\t\t\t\t\t\t<\/div>\n\t\t","protected":false},"excerpt":{"rendered":"<p>Jsme rodinn\u00e1 firma. Na\u0161im prvo\u0159ad\u00fdm c\u00edlem je budov\u00e1n\u00ed dlouhotrvaj\u00edc\u00edch vztah\u016f s na\u0161imi z\u00e1kazn\u00edky na z\u00e1klad\u011b d\u016fv\u011bry, odbornosti a poctivosti a b\u00fdt V\u00e1\u0161 profesion\u00e1ln\u00ed a spolehliv\u00fd partner.\u00a0 Ve spolupr\u00e1ci s na\u0161imi partnery V\u00e1m n\u00e1\u0161 t\u00fdm poskytne inovativn\u00ed \u0159e\u0161en\u00ed pro jednotliv\u00e9ho klienta, jeho\u017e \u00fakolem je dosa\u017een\u00ed spokojen\u00fdch z\u00e1kazn\u00edk\u016f, kte\u0159\u00ed tak nikdy nez\u00edskaj\u00ed dojem, \u017ee jsou sami. \u00a0 [&hellip;]<\/p>\n","protected":false},"author":1,"featured_media":0,"parent":0,"menu_order":0,"comment_status":"closed","ping_status":"closed","template":"","meta":[],"_links":{"self":[{"href":"https:\/\/www.mrmedia.cz\/index.php?rest_route=\/wp\/v2\/pages\/386"}],"collection":[{"href":"https:\/\/www.mrmedia.cz\/index.php?rest_route=\/wp\/v2\/pages"}],"about":[{"href":"https:\/\/www.mrmedia.cz\/index.php?rest_route=\/wp\/v2\/types\/page"}],"author":[{"embeddable":true,"href":"https:\/\/www.mrmedia.cz\/index.php?rest_route=\/wp\/v2\/users\/1"}],"replies":[{"embeddable":true,"href":"https:\/\/www.mrmedia.cz\/index.php?rest_route=%2Fwp%2Fv2%2Fcomments&post=386"}],"version-history":[{"count":92,"href":"https:\/\/www.mrmedia.cz\/index.php?rest_route=\/wp\/v2\/pages\/386\/revisions"}],"predecessor-version":[{"id":1110,"href":"https:\/\/www.mrmedia.cz\/index.php?rest_route=\/wp\/v2\/pages\/386\/revisions\/1110"}],"wp:attachment":[{"href":"https:\/\/www.mrmedia.cz\/index.php?rest_route=%2Fwp%2Fv2%2Fmedia&parent=386"}],"curies":[{"name":"wp","href":"https:\/\/api.w.org\/{rel}","templated":true}]}}